{"id":138,"date":"2019-04-22T17:11:22","date_gmt":"2019-04-22T15:11:22","guid":{"rendered":"http:\/\/www.lesarmaillis-chatel.fr\/wordpress\/?page_id=138"},"modified":"2019-10-27T18:54:39","modified_gmt":"2019-10-27T17:54:39","slug":"situation","status":"publish","type":"page","link":"https:\/\/www.lesarmaillis-chatel.fr\/wordpress\/situation\/","title":{"rendered":"Situation de l\u2019h\u00f4tel"},"content":{"rendered":"\n<p style=\"background-color:#4a7eb5\" class=\"has-text-color has-background has-normal-font-size has-whitesmoke-color\">L&rsquo;h\u00f4tel est situ\u00e9 dans le centre de Ch\u00e2tel, en face de l&rsquo;\u00e9glise, \u00e0 proximit\u00e9 du t\u00e9l\u00e9cabine de Super Ch\u00e2tel, vous b\u00e9n\u00e9ficiez d&rsquo;un acc\u00e8s direct aux pistes du domaine des Portes du Soleil, id\u00e9al pour les sports d&rsquo;hiver (650 km de pistes sans fronti\u00e8re) et le VTT.<\/p>\n\n\n\n<div data-map-zoom=\"15\" data-interaction=\"cooperative\" data-map-style=\"default\" data-map-center=\"{&quot;lat&quot;:46.267811,&quot;lng&quot;:6.8413308}\" data-zoom-control=\"true\" data-type-control=\"true\" data-street-view-control=\"true\" data-full-screen-control=\"true\" data-map-markers=\"[{&quot;name&quot;:&quot;#1&quot;,&quot;description&quot;:&quot;166 Route du Ctre, 74390 Ch\u00e2tel, France&quot;,&quot;popUpOpen&quot;:false,&quot;popUpMaxWidth&quot;:250,&quot;bounce&quot;:false,&quot;coords&quot;:{&quot;lat&quot;:46.26781129428638,&quot;lng&quot;:6.841330826282501}}]\" class=\"wp-block-getwid-map\"><div style=\"height:600px\" class=\"wp-block-getwid-map__container\"><\/div><ul class=\"wp-block-getwid-map__points\"><li><a href=\"https:\/\/maps.google.com\/?q=46.26781129428638,6.841330826282501&amp;ll=46.26781129428638,6.841330826282501&amp;z=15\">#1<\/a><\/li><\/ul><\/div>\n","protected":false},"excerpt":{"rendered":"<p>L&rsquo;h\u00f4tel est situ\u00e9 dans le centre de Ch\u00e2tel, en face de l&rsquo;\u00e9glise, \u00e0 proximit\u00e9 du t\u00e9l\u00e9cabine de Super Ch\u00e2tel, vous b\u00e9n\u00e9ficiez d&rsquo;un acc\u00e8s direct aux pistes du domaine des Portes du Soleil, id\u00e9al pour les sports d&rsquo;hiver (650 km de pistes sans fronti\u00e8re) et le VTT.<\/p>\n","protected":false},"author":1,"featured_media":0,"parent":0,"menu_order":0,"comment_status":"closed","ping_status":"closed","template":"","meta":{"footnotes":""},"class_list":["post-138","page","type-page","status-publish","hentry"],"_links":{"self":[{"href":"https:\/\/www.lesarmaillis-chatel.fr\/wordpress\/wp-json\/wp\/v2\/pages\/138","targetHints":{"allow":["GET"]}}],"collection":[{"href":"https:\/\/www.lesarmaillis-chatel.fr\/wordpress\/wp-json\/wp\/v2\/pages"}],"about":[{"href":"https:\/\/www.lesarmaillis-chatel.fr\/wordpress\/wp-json\/wp\/v2\/types\/page"}],"author":[{"embeddable":true,"href":"https:\/\/www.lesarmaillis-chatel.fr\/wordpress\/wp-json\/wp\/v2\/users\/1"}],"replies":[{"embeddable":true,"href":"https:\/\/www.lesarmaillis-chatel.fr\/wordpress\/wp-json\/wp\/v2\/comments?post=138"}],"version-history":[{"count":19,"href":"https:\/\/www.lesarmaillis-chatel.fr\/wordpress\/wp-json\/wp\/v2\/pages\/138\/revisions"}],"predecessor-version":[{"id":234,"href":"https:\/\/www.lesarmaillis-chatel.fr\/wordpress\/wp-json\/wp\/v2\/pages\/138\/revisions\/234"}],"wp:attachment":[{"href":"https:\/\/www.lesarmaillis-chatel.fr\/wordpress\/wp-json\/wp\/v2\/media?parent=138"}],"curies":[{"name":"wp","href":"https:\/\/api.w.org\/{rel}","templated":true}]}}