{"id":180,"date":"2019-05-12T21:30:14","date_gmt":"2019-05-12T19:30:14","guid":{"rendered":"http:\/\/www.lesarmaillis-chatel.fr\/wordpress\/?page_id=180"},"modified":"2025-09-30T08:57:25","modified_gmt":"2025-09-30T06:57:25","slug":"nos-tarifs","status":"publish","type":"page","link":"https:\/\/www.lesarmaillis-chatel.fr\/wordpress\/nos-tarifs\/","title":{"rendered":"Nos tarifs"},"content":{"rendered":"\n<p class=\"has-whitesmoke-color has-text-color has-background\" style=\"background-color:#4a7eb5\"><strong>Saison hiver 2025-2026 (Hotel ):\u00a0<\/strong><\/p>\n\n\n\n<p class=\"has-whitesmoke-color has-text-color has-background\" style=\"background-color:#4a7eb5\">&#8211; Petit d\u00e9jeuner par personne : 12 \u20ac<br>&#8211; Prix de la chambre pour 1 ou 2 personnes : 145\u20ac<br>&#8211; Lit suppl\u00e9mentaire : 35\u20ac\/jour<br><strong>&#8211; Taxe de s\u00e9jour : 1,00 \u20ac par personne par jour. <\/strong><\/p>\n\n\n\n<p class=\"has-whitesmoke-color has-text-color has-background\" style=\"background-color:#4a7eb5\"><strong>Saison d&rsquo;\u00e9t\u00e9 2026:<\/strong><\/p>\n\n\n\n<p class=\"has-whitesmoke-color has-text-color has-background\" style=\"background-color:#4a7eb5\">&#8211; Petit d\u00e9jeuner par personne : 10 \u20ac<br>&#8211; Prix de la chambre pour 1 ou 2 personnes : 105\u20ac<br>&#8211; Lit suppl\u00e9mentaire : 20\u20ac\/jour<br><strong>&#8211; Taxe de s\u00e9jour : 1,00 \u20ac par personne par jour. <\/strong> <br><\/p>\n\n\n\n<p class=\"has-whitesmoke-color has-text-color has-background\" style=\"background-color:#4a7eb5\"><strong>Parking en suppl\u00e9ment \u00e0 r\u00e9server avant votre arriv\u00e9e.<\/strong> <br>H\u00e9bergeur adh\u00e9rent au \u00abmultipass\u00bb Se reporter au site&nbsp;<a rel=\"noreferrer noopener\" href=\"http:\/\/www.chatel.com\/\" target=\"_blank\">www.chatel.com<\/a> <br> <\/p>\n\n\n\n<p><\/p>\n","protected":false},"excerpt":{"rendered":"<p>Saison hiver 2025-2026 (Hotel ):\u00a0 &#8211; Petit d\u00e9jeuner par personne : 12 \u20ac&#8211; Prix de la chambre pour 1 ou 2 personnes : 145\u20ac&#8211; Lit suppl\u00e9mentaire : 35\u20ac\/jour&#8211; Taxe de s\u00e9jour : 1,00 \u20ac par personne par jour. Saison d&rsquo;\u00e9t\u00e9 2026: &#8211; Petit d\u00e9jeuner par personne : 10 \u20ac&#8211; Prix de la chambre pour 1 [&hellip;]<\/p>\n","protected":false},"author":1,"featured_media":0,"parent":0,"menu_order":0,"comment_status":"closed","ping_status":"closed","template":"","meta":{"footnotes":""},"class_list":["post-180","page","type-page","status-publish","hentry"],"_links":{"self":[{"href":"https:\/\/www.lesarmaillis-chatel.fr\/wordpress\/wp-json\/wp\/v2\/pages\/180","targetHints":{"allow":["GET"]}}],"collection":[{"href":"https:\/\/www.lesarmaillis-chatel.fr\/wordpress\/wp-json\/wp\/v2\/pages"}],"about":[{"href":"https:\/\/www.lesarmaillis-chatel.fr\/wordpress\/wp-json\/wp\/v2\/types\/page"}],"author":[{"embeddable":true,"href":"https:\/\/www.lesarmaillis-chatel.fr\/wordpress\/wp-json\/wp\/v2\/users\/1"}],"replies":[{"embeddable":true,"href":"https:\/\/www.lesarmaillis-chatel.fr\/wordpress\/wp-json\/wp\/v2\/comments?post=180"}],"version-history":[{"count":13,"href":"https:\/\/www.lesarmaillis-chatel.fr\/wordpress\/wp-json\/wp\/v2\/pages\/180\/revisions"}],"predecessor-version":[{"id":277,"href":"https:\/\/www.lesarmaillis-chatel.fr\/wordpress\/wp-json\/wp\/v2\/pages\/180\/revisions\/277"}],"wp:attachment":[{"href":"https:\/\/www.lesarmaillis-chatel.fr\/wordpress\/wp-json\/wp\/v2\/media?parent=180"}],"curies":[{"name":"wp","href":"https:\/\/api.w.org\/{rel}","templated":true}]}}